{"id":2445,"date":"2024-12-03T10:35:30","date_gmt":"2024-12-03T10:35:30","guid":{"rendered":"https:\/\/elektriktourist.hu\/?page_id=2445"},"modified":"2024-12-04T13:40:03","modified_gmt":"2024-12-04T13:40:03","slug":"rebel-bar","status":"publish","type":"page","link":"https:\/\/elektriktourist.hu\/en\/rebel-bar\/","title":{"rendered":"Rebel Bar"},"content":{"rendered":"<div class=\"wp-block-uagb-image alignright uagb-block-9042fd14 wp-block-uagb-image--layout-default wp-block-uagb-image--effect-static wp-block-uagb-image--align-right\"><figure class=\"wp-block-uagb-image__figure\"><img decoding=\"async\" srcset=\"https:\/\/elektriktourist.hu\/wp-content\/uploads\/2024\/12\/rebelbar.png ,https:\/\/elektriktourist.hu\/wp-content\/uploads\/2024\/12\/rebelbar.png 780w, https:\/\/elektriktourist.hu\/wp-content\/uploads\/2024\/12\/rebelbar.png 360w\" sizes=\"auto, (max-width: 480px) 150px\" src=\"https:\/\/elektriktourist.hu\/wp-content\/uploads\/2024\/12\/rebelbar.png\" alt=\"\" class=\"uag-image-2473\" width=\"494\" height=\"362\" title=\"rebelbar\" loading=\"lazy\" role=\"img\"\/><\/figure><\/div>\n\n\n\n<p><strong>Eg\u00e9szs\u00e9ges \u00e9dess\u00e9gek<\/strong><\/p>\n\n\n\n<ul class=\"wp-block-list\">\n<li><strong>cukormentes<\/strong><\/li>\n<\/ul>\n\n\n\n<ul class=\"wp-block-list\">\n<li><strong>glut\u00e9nmentes<\/strong><\/li>\n<\/ul>\n\n\n\n<ul class=\"wp-block-list\">\n<li><strong>tej- \u00e9s toj\u00e1smentes<\/strong><\/li>\n<\/ul>\n\n\n\n<ul class=\"wp-block-list\">\n<li><strong>n\u00f6v\u00e9nyi alap\u00fa<\/strong><\/li>\n<\/ul>\n\n\n\n<p><\/p>\n\n\n\n<div class=\"wp-block-uagb-container uagb-block-5ebc9bc4 alignfull uagb-is-root-container\"><div class=\"uagb-container-inner-blocks-wrap\"><\/div><\/div>\n\n\n\n<p>Telefon: +36204364241<\/p>\n\n\n\n<p>E-mail: <a href=\"mailto:krugermester@gmail.com\">krugermester@gmail.com<\/a><\/p>\n\n\n\n<figure class=\"wp-block-image size-large is-resized\"><img loading=\"lazy\" decoding=\"async\" width=\"1024\" height=\"574\" src=\"https:\/\/elektriktourist.hu\/wp-content\/uploads\/2024\/12\/FB_IMG_1707834132071-1024x574.jpg\" alt=\"\" class=\"wp-image-2472\" style=\"width:642px;height:auto\" srcset=\"https:\/\/elektriktourist.hu\/wp-content\/uploads\/2024\/12\/FB_IMG_1707834132071-1024x574.jpg 1024w, https:\/\/elektriktourist.hu\/wp-content\/uploads\/2024\/12\/FB_IMG_1707834132071-300x168.jpg 300w, https:\/\/elektriktourist.hu\/wp-content\/uploads\/2024\/12\/FB_IMG_1707834132071-768x430.jpg 768w, https:\/\/elektriktourist.hu\/wp-content\/uploads\/2024\/12\/FB_IMG_1707834132071-18x10.jpg 18w, https:\/\/elektriktourist.hu\/wp-content\/uploads\/2024\/12\/FB_IMG_1707834132071.jpg 1080w\" sizes=\"auto, (max-width: 1024px) 100vw, 1024px\" \/><\/figure>\n\n\n\n<p><\/p>","protected":false},"excerpt":{"rendered":"<p>Eg\u00e9szs\u00e9ges \u00e9dess\u00e9gek Telefon: +36204364241 E-mail: krugermester@gmail.com<\/p>","protected":false},"author":2,"featured_media":0,"parent":0,"menu_order":0,"comment_status":"closed","ping_status":"closed","template":"","meta":{"_uag_custom_page_level_css":"","site-sidebar-layout":"default","site-content-layout":"","ast-site-content-layout":"default","site-content-style":"default","site-sidebar-style":"default","ast-global-header-display":"","ast-banner-title-visibility":"","ast-main-header-display":"","ast-hfb-above-header-display":"","ast-hfb-below-header-display":"","ast-hfb-mobile-header-display":"","site-post-title":"","ast-breadcrumbs-content":"","ast-featured-img":"","footer-sml-layout":"","theme-transparent-header-meta":"","adv-header-id-meta":"","stick-header-meta":"","header-above-stick-meta":"","header-main-stick-meta":"","header-below-stick-meta":"","astra-migrate-meta-layouts":"set","ast-page-background-enabled":"default","ast-page-background-meta":{"desktop":{"background-color":"var(--ast-global-color-4)","background-image":"","background-repeat":"repeat","background-position":"center center","background-size":"auto","background-attachment":"scroll","background-type":"","background-media":"","overlay-type":"","overlay-color":"","overlay-gradient":""},"tablet":{"background-color":"","background-image":"","background-repeat":"repeat","background-position":"center center","background-size":"auto","background-attachment":"scroll","background-type":"","background-media":"","overlay-type":"","overlay-color":"","overlay-gradient":""},"mobile":{"background-color":"","background-image":"","background-repeat":"repeat","background-position":"center center","background-size":"auto","background-attachment":"scroll","background-type":"","background-media":"","overlay-type":"","overlay-color":"","overlay-gradient":""}},"ast-content-background-meta":{"desktop":{"background-color":"var(--ast-global-color-5)","background-image":"","background-repeat":"repeat","background-position":"center center","background-size":"auto","background-attachment":"scroll","background-type":"","background-media":"","overlay-type":"","overlay-color":"","overlay-gradient":""},"tablet":{"background-color":"var(--ast-global-color-5)","background-image":"","background-repeat":"repeat","background-position":"center center","background-size":"auto","background-attachment":"scroll","background-type":"","background-media":"","overlay-type":"","overlay-color":"","overlay-gradient":""},"mobile":{"background-color":"var(--ast-global-color-5)","background-image":"","background-repeat":"repeat","background-position":"center center","background-size":"auto","background-attachment":"scroll","background-type":"","background-media":"","overlay-type":"","overlay-color":"","overlay-gradient":""}},"footnotes":""},"class_list":["post-2445","page","type-page","status-publish","hentry"],"yoast_head":"<!-- This site is optimized with the Yoast SEO plugin v24.9 - https:\/\/yoast.com\/wordpress\/plugins\/seo\/ -->\n<title>Rebel Bar - elektriktourist.hu<\/title>\n<meta name=\"robots\" content=\"index, follow, max-snippet:-1, max-image-preview:large, max-video-preview:-1\" \/>\n<link rel=\"canonical\" href=\"https:\/\/elektriktourist.hu\/en\/rebel-bar\/\" \/>\n<meta property=\"og:locale\" content=\"en_US\" \/>\n<meta property=\"og:type\" content=\"article\" \/>\n<meta property=\"og:title\" content=\"Rebel Bar - elektriktourist.hu\" \/>\n<meta property=\"og:description\" content=\"Eg\u00e9szs\u00e9ges \u00e9dess\u00e9gek Telefon: +36204364241 E-mail: krugermester@gmail.com\" \/>\n<meta property=\"og:url\" content=\"https:\/\/elektriktourist.hu\/en\/rebel-bar\/\" \/>\n<meta property=\"og:site_name\" content=\"elektriktourist.hu\" \/>\n<meta property=\"article:publisher\" content=\"https:\/\/www.facebook.com\/elektriktourist\" \/>\n<meta property=\"article:modified_time\" content=\"2024-12-04T13:40:03+00:00\" \/>\n<meta property=\"og:image\" content=\"https:\/\/elektriktourist.hu\/wp-content\/uploads\/2024\/12\/rebelbar.png\" \/>\n<meta name=\"twitter:card\" content=\"summary_large_image\" \/>\n<script type=\"application\/ld+json\" class=\"yoast-schema-graph\">{\"@context\":\"https:\/\/schema.org\",\"@graph\":[{\"@type\":\"WebPage\",\"@id\":\"http:\/\/elektriktourist.hu\/rebel-bar\/\",\"url\":\"http:\/\/elektriktourist.hu\/rebel-bar\/\",\"name\":\"Rebel Bar - elektriktourist.hu\",\"isPartOf\":{\"@id\":\"http:\/\/elektriktourist.hu\/#website\"},\"primaryImageOfPage\":{\"@id\":\"http:\/\/elektriktourist.hu\/rebel-bar\/#primaryimage\"},\"image\":{\"@id\":\"http:\/\/elektriktourist.hu\/rebel-bar\/#primaryimage\"},\"thumbnailUrl\":\"https:\/\/elektriktourist.hu\/wp-content\/uploads\/2024\/12\/rebelbar.png\",\"datePublished\":\"2024-12-03T10:35:30+00:00\",\"dateModified\":\"2024-12-04T13:40:03+00:00\",\"breadcrumb\":{\"@id\":\"http:\/\/elektriktourist.hu\/rebel-bar\/#breadcrumb\"},\"inLanguage\":\"en-US\",\"potentialAction\":[{\"@type\":\"ReadAction\",\"target\":[\"http:\/\/elektriktourist.hu\/rebel-bar\/\"]}]},{\"@type\":\"ImageObject\",\"inLanguage\":\"en-US\",\"@id\":\"http:\/\/elektriktourist.hu\/rebel-bar\/#primaryimage\",\"url\":\"https:\/\/elektriktourist.hu\/wp-content\/uploads\/2024\/12\/rebelbar.png\",\"contentUrl\":\"https:\/\/elektriktourist.hu\/wp-content\/uploads\/2024\/12\/rebelbar.png\"},{\"@type\":\"BreadcrumbList\",\"@id\":\"http:\/\/elektriktourist.hu\/rebel-bar\/#breadcrumb\",\"itemListElement\":[{\"@type\":\"ListItem\",\"position\":1,\"name\":\"Kezd\u0151lap\",\"item\":\"http:\/\/elektriktourist.hu\/\"},{\"@type\":\"ListItem\",\"position\":2,\"name\":\"Rebel Bar\"}]},{\"@type\":\"WebSite\",\"@id\":\"http:\/\/elektriktourist.hu\/#website\",\"url\":\"http:\/\/elektriktourist.hu\/\",\"name\":\"elektriktourist.hu\",\"description\":\"\",\"publisher\":{\"@id\":\"http:\/\/elektriktourist.hu\/#organization\"},\"potentialAction\":[{\"@type\":\"SearchAction\",\"target\":{\"@type\":\"EntryPoint\",\"urlTemplate\":\"http:\/\/elektriktourist.hu\/?s={search_term_string}\"},\"query-input\":{\"@type\":\"PropertyValueSpecification\",\"valueRequired\":true,\"valueName\":\"search_term_string\"}}],\"inLanguage\":\"en-US\"},{\"@type\":\"Organization\",\"@id\":\"http:\/\/elektriktourist.hu\/#organization\",\"name\":\"elektriktourist.hu\",\"url\":\"http:\/\/elektriktourist.hu\/\",\"logo\":{\"@type\":\"ImageObject\",\"inLanguage\":\"en-US\",\"@id\":\"http:\/\/elektriktourist.hu\/#\/schema\/logo\/image\/\",\"url\":\"https:\/\/elektriktourist.hu\/wp-content\/uploads\/2025\/03\/Elektrik-tourist-transp.png\",\"contentUrl\":\"https:\/\/elektriktourist.hu\/wp-content\/uploads\/2025\/03\/Elektrik-tourist-transp.png\",\"width\":353,\"height\":354,\"caption\":\"elektriktourist.hu\"},\"image\":{\"@id\":\"http:\/\/elektriktourist.hu\/#\/schema\/logo\/image\/\"},\"sameAs\":[\"https:\/\/www.facebook.com\/elektriktourist\"]}]}<\/script>\n<!-- \/ Yoast SEO plugin. -->","yoast_head_json":{"title":"Rebel Bar - elektriktourist.hu","robots":{"index":"index","follow":"follow","max-snippet":"max-snippet:-1","max-image-preview":"max-image-preview:large","max-video-preview":"max-video-preview:-1"},"canonical":"https:\/\/elektriktourist.hu\/en\/rebel-bar\/","og_locale":"en_US","og_type":"article","og_title":"Rebel Bar - elektriktourist.hu","og_description":"Eg\u00e9szs\u00e9ges \u00e9dess\u00e9gek Telefon: +36204364241 E-mail: krugermester@gmail.com","og_url":"https:\/\/elektriktourist.hu\/en\/rebel-bar\/","og_site_name":"elektriktourist.hu","article_publisher":"https:\/\/www.facebook.com\/elektriktourist","article_modified_time":"2024-12-04T13:40:03+00:00","og_image":[{"url":"https:\/\/elektriktourist.hu\/wp-content\/uploads\/2024\/12\/rebelbar.png","type":"","width":"","height":""}],"twitter_card":"summary_large_image","schema":{"@context":"https:\/\/schema.org","@graph":[{"@type":"WebPage","@id":"http:\/\/elektriktourist.hu\/rebel-bar\/","url":"http:\/\/elektriktourist.hu\/rebel-bar\/","name":"Rebel Bar - elektriktourist.hu","isPartOf":{"@id":"http:\/\/elektriktourist.hu\/#website"},"primaryImageOfPage":{"@id":"http:\/\/elektriktourist.hu\/rebel-bar\/#primaryimage"},"image":{"@id":"http:\/\/elektriktourist.hu\/rebel-bar\/#primaryimage"},"thumbnailUrl":"https:\/\/elektriktourist.hu\/wp-content\/uploads\/2024\/12\/rebelbar.png","datePublished":"2024-12-03T10:35:30+00:00","dateModified":"2024-12-04T13:40:03+00:00","breadcrumb":{"@id":"http:\/\/elektriktourist.hu\/rebel-bar\/#breadcrumb"},"inLanguage":"en-US","potentialAction":[{"@type":"ReadAction","target":["http:\/\/elektriktourist.hu\/rebel-bar\/"]}]},{"@type":"ImageObject","inLanguage":"en-US","@id":"http:\/\/elektriktourist.hu\/rebel-bar\/#primaryimage","url":"https:\/\/elektriktourist.hu\/wp-content\/uploads\/2024\/12\/rebelbar.png","contentUrl":"https:\/\/elektriktourist.hu\/wp-content\/uploads\/2024\/12\/rebelbar.png"},{"@type":"BreadcrumbList","@id":"http:\/\/elektriktourist.hu\/rebel-bar\/#breadcrumb","itemListElement":[{"@type":"ListItem","position":1,"name":"Kezd\u0151lap","item":"http:\/\/elektriktourist.hu\/"},{"@type":"ListItem","position":2,"name":"Rebel Bar"}]},{"@type":"WebSite","@id":"http:\/\/elektriktourist.hu\/#website","url":"http:\/\/elektriktourist.hu\/","name":"elektriktourist.hu","description":"","publisher":{"@id":"http:\/\/elektriktourist.hu\/#organization"},"potentialAction":[{"@type":"SearchAction","target":{"@type":"EntryPoint","urlTemplate":"http:\/\/elektriktourist.hu\/?s={search_term_string}"},"query-input":{"@type":"PropertyValueSpecification","valueRequired":true,"valueName":"search_term_string"}}],"inLanguage":"en-US"},{"@type":"Organization","@id":"http:\/\/elektriktourist.hu\/#organization","name":"elektriktourist.hu","url":"http:\/\/elektriktourist.hu\/","logo":{"@type":"ImageObject","inLanguage":"en-US","@id":"http:\/\/elektriktourist.hu\/#\/schema\/logo\/image\/","url":"https:\/\/elektriktourist.hu\/wp-content\/uploads\/2025\/03\/Elektrik-tourist-transp.png","contentUrl":"https:\/\/elektriktourist.hu\/wp-content\/uploads\/2025\/03\/Elektrik-tourist-transp.png","width":353,"height":354,"caption":"elektriktourist.hu"},"image":{"@id":"http:\/\/elektriktourist.hu\/#\/schema\/logo\/image\/"},"sameAs":["https:\/\/www.facebook.com\/elektriktourist"]}]}},"uagb_featured_image_src":{"full":false,"thumbnail":false,"medium":false,"medium_large":false,"large":false,"1536x1536":false,"2048x2048":false,"trp-custom-language-flag":false},"uagb_author_info":{"display_name":"Faltay L\u00e1szl\u00f3","author_link":"https:\/\/elektriktourist.hu\/en\/author\/bajotimenedek\/"},"uagb_comment_info":0,"uagb_excerpt":"Eg\u00e9szs\u00e9ges \u00e9dess\u00e9gek Telefon: +36204364241 E-mail: krugermester@gmail.com","_links":{"self":[{"href":"https:\/\/elektriktourist.hu\/en\/wp-json\/wp\/v2\/pages\/2445","targetHints":{"allow":["GET"]}}],"collection":[{"href":"https:\/\/elektriktourist.hu\/en\/wp-json\/wp\/v2\/pages"}],"about":[{"href":"https:\/\/elektriktourist.hu\/en\/wp-json\/wp\/v2\/types\/page"}],"author":[{"embeddable":true,"href":"https:\/\/elektriktourist.hu\/en\/wp-json\/wp\/v2\/users\/2"}],"replies":[{"embeddable":true,"href":"https:\/\/elektriktourist.hu\/en\/wp-json\/wp\/v2\/comments?post=2445"}],"version-history":[{"count":3,"href":"https:\/\/elektriktourist.hu\/en\/wp-json\/wp\/v2\/pages\/2445\/revisions"}],"predecessor-version":[{"id":2474,"href":"https:\/\/elektriktourist.hu\/en\/wp-json\/wp\/v2\/pages\/2445\/revisions\/2474"}],"wp:attachment":[{"href":"https:\/\/elektriktourist.hu\/en\/wp-json\/wp\/v2\/media?parent=2445"}],"curies":[{"name":"wp","href":"https:\/\/api.w.org\/{rel}","templated":true}]}}