{"id":2425,"date":"2024-11-25T20:07:50","date_gmt":"2024-11-25T20:07:50","guid":{"rendered":"https:\/\/elektriktourist.hu\/?page_id=2425"},"modified":"2024-12-04T18:41:29","modified_gmt":"2024-12-04T18:41:29","slug":"szauna","status":"publish","type":"page","link":"https:\/\/elektriktourist.hu\/en\/szauna\/","title":{"rendered":"Szauna"},"content":{"rendered":"<div class=\"wp-block-cover\" style=\"min-height:696px;aspect-ratio:unset;\"><span aria-hidden=\"true\" class=\"wp-block-cover__background has-background-dim\" style=\"background-color:#98847c\"><\/span><img loading=\"lazy\" decoding=\"async\" width=\"2560\" height=\"1631\" class=\"wp-block-cover__image-background wp-image-2427\" alt=\"\" src=\"http:\/\/elektriktourist.hu\/wp-content\/uploads\/2024\/11\/20241116_161601s-scaled.jpg\" data-object-fit=\"cover\" srcset=\"https:\/\/elektriktourist.hu\/wp-content\/uploads\/2024\/11\/20241116_161601s-scaled.jpg 2560w, https:\/\/elektriktourist.hu\/wp-content\/uploads\/2024\/11\/20241116_161601s-300x191.jpg 300w, https:\/\/elektriktourist.hu\/wp-content\/uploads\/2024\/11\/20241116_161601s-1024x653.jpg 1024w, https:\/\/elektriktourist.hu\/wp-content\/uploads\/2024\/11\/20241116_161601s-768x489.jpg 768w, https:\/\/elektriktourist.hu\/wp-content\/uploads\/2024\/11\/20241116_161601s-1536x979.jpg 1536w, https:\/\/elektriktourist.hu\/wp-content\/uploads\/2024\/11\/20241116_161601s-2048x1305.jpg 2048w, https:\/\/elektriktourist.hu\/wp-content\/uploads\/2024\/11\/20241116_161601s-18x12.jpg 18w\" sizes=\"auto, (max-width: 2560px) 100vw, 2560px\" \/><div class=\"wp-block-cover__inner-container is-layout-constrained wp-block-cover-is-layout-constrained\">\n<p class=\"has-text-align-center has-ast-global-color-0-color has-text-color has-link-color has-large-font-size wp-elements-a9dc859167cb003ca790087a89551af7\">Termoszk\u00f3p<\/p>\n\n\n\n<p class=\"has-text-align-center\">K\u00f6z\u00f6ss\u00e9gi szauna, a bels\u0151 obszervat\u00f3riumod<\/p>\n<\/div><\/div>\n\n\n\n<p>A szauna tere egy olyan hely, ahol megtisztulhat a test, megpihenhet a l\u00e9lek, \u00e9s \u00faj er\u0151re kaphat a szellem.<\/p>\n\n\n\n<p>A szaun\u00e1t le lehet foglalni csoportosan, illetve ig\u00e9ny eset\u00e9n szaunaszertart\u00e1st is tartunk.<\/p>\n\n\n\n<p>Vezetett szaunaszertart\u00e1sunkon olyan gy\u00f3gy\u00edt\u00f3 ritu\u00e1l\u00e9ban lesz r\u00e9szed, ahol a h\u0151m\u00e9rs\u00e9klet, a p\u00e1ra, az illatok, a f\u00e9ny \u00e9s a zene egys\u00e9ge seg\u00edti a felfriss\u00fcl\u00e9st. Az elme ilyenkor egy meditat\u00edv \u00e1llapotba ker\u00fcl, ami a ment\u00e1lis tisztas\u00e1g kapuja. A v\u00e9rkering\u00e9s felpezsd\u00fcl, ami seg\u00edti a szervezet term\u00e9szetes \u00f6ntiszt\u00edt\u00f3 mechanizmus\u00e1t.<\/p>\n\n\n\n<p>A szaunamedit\u00e1ci\u00f3t hidegter\u00e1pi\u00e1val kombin\u00e1lva tov\u00e1bb fokozhat\u00f3 a j\u00f3t\u00e9kony hat\u00e1s. A hidegvizes f\u00fcrd\u0151z\u00e9s a felsz\u00edni v\u00e9rerek \u00f6sszeh\u00faz\u00e1s\u00e1val a v\u00e9rt egyenesen a szervekbe juttatja, \u00edgy azonnal javul az oxig\u00e9n- \u00e9s t\u00e1panyagell\u00e1totts\u00e1guk. Ezzel egy\u00fctt aktiv\u00e1l\u00f3dnak a mitokondriumok, azaz a sejtek energiarakt\u00e1rai.<\/p>\n\n\n\n<p>A szaun\u00e1ban kapcsolatba ker\u00fcl\u00fcnk mind az \u00f6t elemmel, amik seg\u00edtenek a bels\u0151 utaz\u00e1sb\u00f3l meg\u00fajultan visszat\u00e9rni a szauna meleg, bar\u00e1ts\u00e1gos ter\u00e9be, ahol t\u00e1mogat\u00f3, vid\u00e1m k\u00f6zeg fogad minden utaz\u00f3t.<\/p>\n\n\n\n<p><\/p>\n\n\n\n<p>A szauna maxim\u00e1lis befogad\u00f3k\u00e9pess\u00e9ge 7 f\u0151<\/p>\n\n\n\n<p>Hozz\u00e1j\u00e1rul\u00e1s: adom\u00e1nyos, mellyel a Baj\u00f3ti Mened\u00e9k Alap\u00edtv\u00e1nyt \u00e9s a szauna f\u0171t\u00e9s\u00e9t t\u00e1mogatod.<\/p>\n\n\n\n<p>Regisztr\u00e1ci\u00f3 email-ben: <a href=\"mailto:bajotimenedek@gmail.com\">bajotimenedek@gmail.com<\/a>&nbsp;<\/p>\n\n\n\n<div class=\"wp-block-uagb-buttons uagb-buttons__outer-wrap uagb-btn__default-btn uagb-btn-tablet__default-btn uagb-btn-mobile__default-btn uagb-block-29c530a2\"><div class=\"uagb-buttons__wrap uagb-buttons-layout-wrap\">\n<div class=\"wp-block-uagb-buttons-child uagb-buttons__outer-wrap uagb-block-a9a3d5c5 wp-block-button\"><div class=\"uagb-button__wrapper\"><a class=\"uagb-buttons-repeater wp-block-button__link\" aria-label=\"\" href=\"https:\/\/forms.gle\/b4Mn2DWxqG6mUexz7\" rel=\"follow noopener\" target=\"_blank\" role=\"button\"><div class=\"uagb-button__link\">Id\u0151pontfoglal\u00e1s >><\/div><\/a><\/div><\/div>\n<\/div><\/div>\n\n\n\n<p><\/p>\n\n\n\n<div style=\"height:32px\" aria-hidden=\"true\" class=\"wp-block-spacer\"><\/div>\n\n\n\n<p>Zene, k\u00f6nny\u0171 \u00e9telek \u00e9s tea is j\u00f3 es\u00e9llyel lesznek \ud83d\ude42<\/p>\n\n\n\n<p>Ha szeretn\u00e9d az \u00e9jszak\u00e1t n\u00e1lunk t\u00f6lteni, van r\u00e1 lehet\u0151s\u00e9g.<\/p>","protected":false},"excerpt":{"rendered":"<p>A szauna tere egy olyan hely, ahol megtisztulhat a test, megpihenhet a l\u00e9lek, \u00e9s \u00faj er\u0151re kaphat a szellem. A szaun\u00e1t le lehet foglalni csoportosan, illetve ig\u00e9ny eset\u00e9n szaunaszertart\u00e1st is tartunk. Vezetett szaunaszertart\u00e1sunkon olyan gy\u00f3gy\u00edt\u00f3 ritu\u00e1l\u00e9ban lesz r\u00e9szed, ahol a h\u0151m\u00e9rs\u00e9klet, a p\u00e1ra, az illatok, a f\u00e9ny \u00e9s a zene egys\u00e9ge seg\u00edti a felfriss\u00fcl\u00e9st. Az [&hellip;]<\/p>","protected":false},"author":2,"featured_media":0,"parent":0,"menu_order":0,"comment_status":"closed","ping_status":"closed","template":"","meta":{"_uag_custom_page_level_css":"","site-sidebar-layout":"default","site-content-layout":"","ast-site-content-layout":"default","site-content-style":"default","site-sidebar-style":"default","ast-global-header-display":"","ast-banner-title-visibility":"","ast-main-header-display":"","ast-hfb-above-header-display":"","ast-hfb-below-header-display":"","ast-hfb-mobile-header-display":"","site-post-title":"disabled","ast-breadcrumbs-content":"","ast-featured-img":"","footer-sml-layout":"","theme-transparent-header-meta":"","adv-header-id-meta":"","stick-header-meta":"","header-above-stick-meta":"","header-main-stick-meta":"","header-below-stick-meta":"","astra-migrate-meta-layouts":"set","ast-page-background-enabled":"default","ast-page-background-meta":{"desktop":{"background-color":"var(--ast-global-color-4)","background-image":"","background-repeat":"repeat","background-position":"center center","background-size":"auto","background-attachment":"scroll","background-type":"","background-media":"","overlay-type":"","overlay-color":"","overlay-gradient":""},"tablet":{"background-color":"","background-image":"","background-repeat":"repeat","background-position":"center center","background-size":"auto","background-attachment":"scroll","background-type":"","background-media":"","overlay-type":"","overlay-color":"","overlay-gradient":""},"mobile":{"background-color":"","background-image":"","background-repeat":"repeat","background-position":"center center","background-size":"auto","background-attachment":"scroll","background-type":"","background-media":"","overlay-type":"","overlay-color":"","overlay-gradient":""}},"ast-content-background-meta":{"desktop":{"background-color":"var(--ast-global-color-5)","background-image":"","background-repeat":"repeat","background-position":"center center","background-size":"auto","background-attachment":"scroll","background-type":"","background-media":"","overlay-type":"","overlay-color":"","overlay-gradient":""},"tablet":{"background-color":"var(--ast-global-color-5)","background-image":"","background-repeat":"repeat","background-position":"center center","background-size":"auto","background-attachment":"scroll","background-type":"","background-media":"","overlay-type":"","overlay-color":"","overlay-gradient":""},"mobile":{"background-color":"var(--ast-global-color-5)","background-image":"","background-repeat":"repeat","background-position":"center center","background-size":"auto","background-attachment":"scroll","background-type":"","background-media":"","overlay-type":"","overlay-color":"","overlay-gradient":""}},"footnotes":""},"class_list":["post-2425","page","type-page","status-publish","hentry"],"yoast_head":"<!-- This site is optimized with the Yoast SEO plugin v24.9 - https:\/\/yoast.com\/wordpress\/plugins\/seo\/ -->\n<title>Szauna - elektriktourist.hu<\/title>\n<meta name=\"robots\" content=\"index, follow, max-snippet:-1, max-image-preview:large, max-video-preview:-1\" \/>\n<link rel=\"canonical\" href=\"https:\/\/elektriktourist.hu\/en\/szauna\/\" \/>\n<meta property=\"og:locale\" content=\"en_US\" \/>\n<meta property=\"og:type\" content=\"article\" \/>\n<meta property=\"og:title\" content=\"Szauna - elektriktourist.hu\" \/>\n<meta property=\"og:description\" content=\"A szauna tere egy olyan hely, ahol megtisztulhat a test, megpihenhet a l\u00e9lek, \u00e9s \u00faj er\u0151re kaphat a szellem. A szaun\u00e1t le lehet foglalni csoportosan, illetve ig\u00e9ny eset\u00e9n szaunaszertart\u00e1st is tartunk. Vezetett szaunaszertart\u00e1sunkon olyan gy\u00f3gy\u00edt\u00f3 ritu\u00e1l\u00e9ban lesz r\u00e9szed, ahol a h\u0151m\u00e9rs\u00e9klet, a p\u00e1ra, az illatok, a f\u00e9ny \u00e9s a zene egys\u00e9ge seg\u00edti a felfriss\u00fcl\u00e9st. Az [&hellip;]\" \/>\n<meta property=\"og:url\" content=\"https:\/\/elektriktourist.hu\/en\/szauna\/\" \/>\n<meta property=\"og:site_name\" content=\"elektriktourist.hu\" \/>\n<meta property=\"article:publisher\" content=\"https:\/\/www.facebook.com\/elektriktourist\" \/>\n<meta property=\"article:modified_time\" content=\"2024-12-04T18:41:29+00:00\" \/>\n<meta property=\"og:image\" content=\"http:\/\/elektriktourist.hu\/wp-content\/uploads\/2024\/11\/20241116_161601s-scaled.jpg\" \/>\n<meta name=\"twitter:card\" content=\"summary_large_image\" \/>\n<meta name=\"twitter:label1\" content=\"Est. reading time\" \/>\n\t<meta name=\"twitter:data1\" content=\"1 minute\" \/>\n<script type=\"application\/ld+json\" class=\"yoast-schema-graph\">{\"@context\":\"https:\/\/schema.org\",\"@graph\":[{\"@type\":\"WebPage\",\"@id\":\"http:\/\/elektriktourist.hu\/szauna\/\",\"url\":\"http:\/\/elektriktourist.hu\/szauna\/\",\"name\":\"Szauna - elektriktourist.hu\",\"isPartOf\":{\"@id\":\"http:\/\/elektriktourist.hu\/#website\"},\"primaryImageOfPage\":{\"@id\":\"http:\/\/elektriktourist.hu\/szauna\/#primaryimage\"},\"image\":{\"@id\":\"http:\/\/elektriktourist.hu\/szauna\/#primaryimage\"},\"thumbnailUrl\":\"http:\/\/elektriktourist.hu\/wp-content\/uploads\/2024\/11\/20241116_161601s-scaled.jpg\",\"datePublished\":\"2024-11-25T20:07:50+00:00\",\"dateModified\":\"2024-12-04T18:41:29+00:00\",\"breadcrumb\":{\"@id\":\"http:\/\/elektriktourist.hu\/szauna\/#breadcrumb\"},\"inLanguage\":\"en-US\",\"potentialAction\":[{\"@type\":\"ReadAction\",\"target\":[\"http:\/\/elektriktourist.hu\/szauna\/\"]}]},{\"@type\":\"ImageObject\",\"inLanguage\":\"en-US\",\"@id\":\"http:\/\/elektriktourist.hu\/szauna\/#primaryimage\",\"url\":\"http:\/\/elektriktourist.hu\/wp-content\/uploads\/2024\/11\/20241116_161601s-scaled.jpg\",\"contentUrl\":\"http:\/\/elektriktourist.hu\/wp-content\/uploads\/2024\/11\/20241116_161601s-scaled.jpg\"},{\"@type\":\"BreadcrumbList\",\"@id\":\"http:\/\/elektriktourist.hu\/szauna\/#breadcrumb\",\"itemListElement\":[{\"@type\":\"ListItem\",\"position\":1,\"name\":\"Kezd\u0151lap\",\"item\":\"http:\/\/elektriktourist.hu\/\"},{\"@type\":\"ListItem\",\"position\":2,\"name\":\"Szauna\"}]},{\"@type\":\"WebSite\",\"@id\":\"http:\/\/elektriktourist.hu\/#website\",\"url\":\"http:\/\/elektriktourist.hu\/\",\"name\":\"elektriktourist.hu\",\"description\":\"\",\"publisher\":{\"@id\":\"http:\/\/elektriktourist.hu\/#organization\"},\"potentialAction\":[{\"@type\":\"SearchAction\",\"target\":{\"@type\":\"EntryPoint\",\"urlTemplate\":\"http:\/\/elektriktourist.hu\/?s={search_term_string}\"},\"query-input\":{\"@type\":\"PropertyValueSpecification\",\"valueRequired\":true,\"valueName\":\"search_term_string\"}}],\"inLanguage\":\"en-US\"},{\"@type\":\"Organization\",\"@id\":\"http:\/\/elektriktourist.hu\/#organization\",\"name\":\"elektriktourist.hu\",\"url\":\"http:\/\/elektriktourist.hu\/\",\"logo\":{\"@type\":\"ImageObject\",\"inLanguage\":\"en-US\",\"@id\":\"http:\/\/elektriktourist.hu\/#\/schema\/logo\/image\/\",\"url\":\"https:\/\/elektriktourist.hu\/wp-content\/uploads\/2025\/03\/Elektrik-tourist-transp.png\",\"contentUrl\":\"https:\/\/elektriktourist.hu\/wp-content\/uploads\/2025\/03\/Elektrik-tourist-transp.png\",\"width\":353,\"height\":354,\"caption\":\"elektriktourist.hu\"},\"image\":{\"@id\":\"http:\/\/elektriktourist.hu\/#\/schema\/logo\/image\/\"},\"sameAs\":[\"https:\/\/www.facebook.com\/elektriktourist\"]}]}<\/script>\n<!-- \/ Yoast SEO plugin. -->","yoast_head_json":{"title":"Szauna - elektriktourist.hu","robots":{"index":"index","follow":"follow","max-snippet":"max-snippet:-1","max-image-preview":"max-image-preview:large","max-video-preview":"max-video-preview:-1"},"canonical":"https:\/\/elektriktourist.hu\/en\/szauna\/","og_locale":"en_US","og_type":"article","og_title":"Szauna - elektriktourist.hu","og_description":"A szauna tere egy olyan hely, ahol megtisztulhat a test, megpihenhet a l\u00e9lek, \u00e9s \u00faj er\u0151re kaphat a szellem. A szaun\u00e1t le lehet foglalni csoportosan, illetve ig\u00e9ny eset\u00e9n szaunaszertart\u00e1st is tartunk. Vezetett szaunaszertart\u00e1sunkon olyan gy\u00f3gy\u00edt\u00f3 ritu\u00e1l\u00e9ban lesz r\u00e9szed, ahol a h\u0151m\u00e9rs\u00e9klet, a p\u00e1ra, az illatok, a f\u00e9ny \u00e9s a zene egys\u00e9ge seg\u00edti a felfriss\u00fcl\u00e9st. Az [&hellip;]","og_url":"https:\/\/elektriktourist.hu\/en\/szauna\/","og_site_name":"elektriktourist.hu","article_publisher":"https:\/\/www.facebook.com\/elektriktourist","article_modified_time":"2024-12-04T18:41:29+00:00","og_image":[{"url":"http:\/\/elektriktourist.hu\/wp-content\/uploads\/2024\/11\/20241116_161601s-scaled.jpg","type":"","width":"","height":""}],"twitter_card":"summary_large_image","twitter_misc":{"Est. reading time":"1 minute"},"schema":{"@context":"https:\/\/schema.org","@graph":[{"@type":"WebPage","@id":"http:\/\/elektriktourist.hu\/szauna\/","url":"http:\/\/elektriktourist.hu\/szauna\/","name":"Szauna - elektriktourist.hu","isPartOf":{"@id":"http:\/\/elektriktourist.hu\/#website"},"primaryImageOfPage":{"@id":"http:\/\/elektriktourist.hu\/szauna\/#primaryimage"},"image":{"@id":"http:\/\/elektriktourist.hu\/szauna\/#primaryimage"},"thumbnailUrl":"http:\/\/elektriktourist.hu\/wp-content\/uploads\/2024\/11\/20241116_161601s-scaled.jpg","datePublished":"2024-11-25T20:07:50+00:00","dateModified":"2024-12-04T18:41:29+00:00","breadcrumb":{"@id":"http:\/\/elektriktourist.hu\/szauna\/#breadcrumb"},"inLanguage":"en-US","potentialAction":[{"@type":"ReadAction","target":["http:\/\/elektriktourist.hu\/szauna\/"]}]},{"@type":"ImageObject","inLanguage":"en-US","@id":"http:\/\/elektriktourist.hu\/szauna\/#primaryimage","url":"http:\/\/elektriktourist.hu\/wp-content\/uploads\/2024\/11\/20241116_161601s-scaled.jpg","contentUrl":"http:\/\/elektriktourist.hu\/wp-content\/uploads\/2024\/11\/20241116_161601s-scaled.jpg"},{"@type":"BreadcrumbList","@id":"http:\/\/elektriktourist.hu\/szauna\/#breadcrumb","itemListElement":[{"@type":"ListItem","position":1,"name":"Kezd\u0151lap","item":"http:\/\/elektriktourist.hu\/"},{"@type":"ListItem","position":2,"name":"Szauna"}]},{"@type":"WebSite","@id":"http:\/\/elektriktourist.hu\/#website","url":"http:\/\/elektriktourist.hu\/","name":"elektriktourist.hu","description":"","publisher":{"@id":"http:\/\/elektriktourist.hu\/#organization"},"potentialAction":[{"@type":"SearchAction","target":{"@type":"EntryPoint","urlTemplate":"http:\/\/elektriktourist.hu\/?s={search_term_string}"},"query-input":{"@type":"PropertyValueSpecification","valueRequired":true,"valueName":"search_term_string"}}],"inLanguage":"en-US"},{"@type":"Organization","@id":"http:\/\/elektriktourist.hu\/#organization","name":"elektriktourist.hu","url":"http:\/\/elektriktourist.hu\/","logo":{"@type":"ImageObject","inLanguage":"en-US","@id":"http:\/\/elektriktourist.hu\/#\/schema\/logo\/image\/","url":"https:\/\/elektriktourist.hu\/wp-content\/uploads\/2025\/03\/Elektrik-tourist-transp.png","contentUrl":"https:\/\/elektriktourist.hu\/wp-content\/uploads\/2025\/03\/Elektrik-tourist-transp.png","width":353,"height":354,"caption":"elektriktourist.hu"},"image":{"@id":"http:\/\/elektriktourist.hu\/#\/schema\/logo\/image\/"},"sameAs":["https:\/\/www.facebook.com\/elektriktourist"]}]}},"uagb_featured_image_src":{"full":false,"thumbnail":false,"medium":false,"medium_large":false,"large":false,"1536x1536":false,"2048x2048":false,"trp-custom-language-flag":false},"uagb_author_info":{"display_name":"Faltay L\u00e1szl\u00f3","author_link":"https:\/\/elektriktourist.hu\/en\/author\/bajotimenedek\/"},"uagb_comment_info":0,"uagb_excerpt":"A szauna tere egy olyan hely, ahol megtisztulhat a test, megpihenhet a l\u00e9lek, \u00e9s \u00faj er\u0151re kaphat a szellem. A szaun\u00e1t le lehet foglalni csoportosan, illetve ig\u00e9ny eset\u00e9n szaunaszertart\u00e1st is tartunk. Vezetett szaunaszertart\u00e1sunkon olyan gy\u00f3gy\u00edt\u00f3 ritu\u00e1l\u00e9ban lesz r\u00e9szed, ahol a h\u0151m\u00e9rs\u00e9klet, a p\u00e1ra, az illatok, a f\u00e9ny \u00e9s a zene egys\u00e9ge seg\u00edti a felfriss\u00fcl\u00e9st. Az&hellip;","_links":{"self":[{"href":"https:\/\/elektriktourist.hu\/en\/wp-json\/wp\/v2\/pages\/2425","targetHints":{"allow":["GET"]}}],"collection":[{"href":"https:\/\/elektriktourist.hu\/en\/wp-json\/wp\/v2\/pages"}],"about":[{"href":"https:\/\/elektriktourist.hu\/en\/wp-json\/wp\/v2\/types\/page"}],"author":[{"embeddable":true,"href":"https:\/\/elektriktourist.hu\/en\/wp-json\/wp\/v2\/users\/2"}],"replies":[{"embeddable":true,"href":"https:\/\/elektriktourist.hu\/en\/wp-json\/wp\/v2\/comments?post=2425"}],"version-history":[{"count":3,"href":"https:\/\/elektriktourist.hu\/en\/wp-json\/wp\/v2\/pages\/2425\/revisions"}],"predecessor-version":[{"id":2485,"href":"https:\/\/elektriktourist.hu\/en\/wp-json\/wp\/v2\/pages\/2425\/revisions\/2485"}],"wp:attachment":[{"href":"https:\/\/elektriktourist.hu\/en\/wp-json\/wp\/v2\/media?parent=2425"}],"curies":[{"name":"wp","href":"https:\/\/api.w.org\/{rel}","templated":true}]}}