{"id":1963,"date":"2024-05-05T10:41:11","date_gmt":"2024-05-05T10:41:11","guid":{"rendered":"https:\/\/elektriktourist.hu\/?page_id=1963"},"modified":"2024-12-04T19:14:10","modified_gmt":"2024-12-04T19:14:10","slug":"onkenteseknek","status":"publish","type":"page","link":"https:\/\/elektriktourist.hu\/en\/onkenteseknek\/","title":{"rendered":"\u00d6nk\u00e9nteseknek"},"content":{"rendered":"<div class=\"wp-block-cover is-light\"><span aria-hidden=\"true\" class=\"wp-block-cover__background has-background-dim\" style=\"background-color:#98847c\"><\/span><img loading=\"lazy\" decoding=\"async\" width=\"1080\" height=\"605\" class=\"wp-block-cover__image-background wp-image-1937\" alt=\"\" src=\"http:\/\/elektriktourist.hu\/wp-content\/uploads\/2024\/05\/FB_IMG_1707833952315.jpg\" data-object-fit=\"cover\" srcset=\"https:\/\/elektriktourist.hu\/wp-content\/uploads\/2024\/05\/FB_IMG_1707833952315.jpg 1080w, https:\/\/elektriktourist.hu\/wp-content\/uploads\/2024\/05\/FB_IMG_1707833952315-300x168.jpg 300w, https:\/\/elektriktourist.hu\/wp-content\/uploads\/2024\/05\/FB_IMG_1707833952315-1024x574.jpg 1024w, https:\/\/elektriktourist.hu\/wp-content\/uploads\/2024\/05\/FB_IMG_1707833952315-768x430.jpg 768w\" sizes=\"auto, (max-width: 1080px) 100vw, 1080px\" \/><div class=\"wp-block-cover__inner-container is-layout-constrained wp-block-cover-is-layout-constrained\">\n<p class=\"has-text-align-center has-ast-global-color-0-color has-text-color has-link-color has-large-font-size wp-elements-569af69d02a6e9c1506a4763daa903b0\">\u00d6nk\u00e9nteseknek<\/p>\n<\/div><\/div>\n\n\n\n<div class=\"wp-block-uagb-container uagb-block-4997a888 alignfull uagb-is-root-container\"><div class=\"uagb-container-inner-blocks-wrap\"><\/div><\/div>\n\n\n\n<p>L\u00e9gy r\u00e9sze az \u00e1lomnak! Projektjeink megval\u00f3s\u00edt\u00e1s\u00e1hoz folyamatosan v\u00e1rjuk az \u00fajabb tagokat \u00f6nk\u00e9ntes csapatunkba. Mer\u00fclj el a kertben, koszold \u00f6ssze a kezeid a h\u00e1z k\u00f6r\u00fcl, hangol\u00f3dj r\u00e1 a term\u00e9szet hull\u00e1mhossz\u00e1ra, \u00e9s \u00e9rezd j\u00f3l magad, mik\u00f6zben r\u00e9sze vagy valami hasznos \u00e9s izgalmas dolog megsz\u00fclet\u00e9s\u00e9nek!<\/p>\n\n\n\n<div style=\"height:32px\" aria-hidden=\"true\" class=\"wp-block-spacer\"><\/div>\n\n\n\n<div class=\"wp-block-uagb-buttons uagb-buttons__outer-wrap uagb-btn__default-btn uagb-btn-tablet__default-btn uagb-btn-mobile__default-btn uagb-block-29c530a2\"><div class=\"uagb-buttons__wrap uagb-buttons-layout-wrap\">\n<div class=\"wp-block-uagb-buttons-child uagb-buttons__outer-wrap uagb-block-a9a3d5c5 wp-block-button\"><div class=\"uagb-button__wrapper\"><a class=\"uagb-buttons-repeater wp-block-button__link\" aria-label=\"\" href=\"https:\/\/forms.gle\/b4Mn2DWxqG6mUexz7\" rel=\"follow noopener\" target=\"_blank\" role=\"button\"><div class=\"uagb-button__link\">Jelentkezem >><\/div><\/a><\/div><\/div>\n<\/div><\/div>\n\n\n\n<div class=\"wp-block-uagb-container uagb-block-c89b5cf1 alignfull uagb-is-root-container\"><div class=\"uagb-container-inner-blocks-wrap\"><\/div><\/div>\n\n\n\n<p><strong>Kor\u00e1bbi \u00f6nk\u00e9nteseink \u00edrt\u00e1k:<\/strong><\/p>\n\n\n\n<p>&#8222;We had an incredible two weeks in Bajot with Lazslo. He has created a little piece of community that we instantly felt welcomed in. The amount of love and creativity he has put into his property is inspiring and we are lucky to have been a small part of it. Alongside a few other volunteers, we got to choose from a big list of tasks whatever we&nbsp;wanted to work on. We enjoyed the freedom to choose projects that interested us and were both able to learn a lot. Dan used his electrical skills to help finish wiring the upstairs attic, troubleshooted a broken sauna heater, and started setting up the off-grid system. Laura finished the insulation for the sauna and cleaned up some woodwork, spent time in the garden, and helped in the kitchen. We also helped out the neighbors organizing and moving woodpiles. When we weren&#8217;t working, we enjoying hiking in the nearby forest, doing yoga on the deck, and sharing stories together over meals.<br>We are so grateful for our time here (and miss this place a lot!). Thank you for creating home for us.&#8221;<\/p>\n\n\n\n<p><em>Laura &amp; Dan, 2024. 12. 04<\/em><\/p>\n\n\n\n<div class=\"wp-block-uagb-container uagb-block-fc5f929c alignfull uagb-is-root-container\"><div class=\"uagb-container-inner-blocks-wrap\">\n<div class=\"wp-block-uagb-container uagb-block-3078d909\"><\/div>\n<\/div><\/div>\n\n\n\n<p>&#8222;Laci asked me to come and help watering their garden and plant some vegetables while they have been traveling out of the country. It wasn&#8217;t difficult or time consuming task, despite it was really, really dry week and there was almost no water in the well, ahahaha. He&#8217;s cool and super easy going guy! Also his neighbours are super friendly and they\u00a0welcome me like an old friend! You can also spent some free time in the nature there (just climb up the hill and you&#8217;re in the forest) or you can do some bouldering in the garder, which is cool if you&#8217;re into climbing! Big thanks for the time I could spend there!&#8221;<\/p>\n\n\n\n<p><em>Tomas Slavicek, the author of the book &#8222;Once upon a time I had a caf\u00e9 in Hanoi&#8221;, 2022. 07. 27<\/em><\/p>\n\n\n\n<p><\/p>","protected":false},"excerpt":{"rendered":"<p>L\u00e9gy r\u00e9sze az \u00e1lomnak! Projektjeink megval\u00f3s\u00edt\u00e1s\u00e1hoz folyamatosan v\u00e1rjuk az \u00fajabb tagokat \u00f6nk\u00e9ntes csapatunkba. Mer\u00fclj el a kertben, koszold \u00f6ssze a kezeid a h\u00e1z k\u00f6r\u00fcl, hangol\u00f3dj r\u00e1 a term\u00e9szet hull\u00e1mhossz\u00e1ra, \u00e9s \u00e9rezd j\u00f3l magad, mik\u00f6zben r\u00e9sze vagy valami hasznos \u00e9s izgalmas dolog megsz\u00fclet\u00e9s\u00e9nek! Kor\u00e1bbi \u00f6nk\u00e9nteseink \u00edrt\u00e1k: &#8222;We had an incredible two weeks in Bajot with Lazslo. [&hellip;]<\/p>","protected":false},"author":2,"featured_media":0,"parent":0,"menu_order":0,"comment_status":"closed","ping_status":"closed","template":"","meta":{"_uag_custom_page_level_css":"","site-sidebar-layout":"default","site-content-layout":"","ast-site-content-layout":"default","site-content-style":"default","site-sidebar-style":"default","ast-global-header-display":"","ast-banner-title-visibility":"","ast-main-header-display":"","ast-hfb-above-header-display":"","ast-hfb-below-header-display":"","ast-hfb-mobile-header-display":"","site-post-title":"","ast-breadcrumbs-content":"","ast-featured-img":"","footer-sml-layout":"","theme-transparent-header-meta":"","adv-header-id-meta":"","stick-header-meta":"","header-above-stick-meta":"","header-main-stick-meta":"","header-below-stick-meta":"","astra-migrate-meta-layouts":"set","ast-page-background-enabled":"default","ast-page-background-meta":{"desktop":{"background-color":"var(--ast-global-color-4)","background-image":"","background-repeat":"repeat","background-position":"center center","background-size":"auto","background-attachment":"scroll","background-type":"","background-media":"","overlay-type":"","overlay-color":"","overlay-gradient":""},"tablet":{"background-color":"","background-image":"","background-repeat":"repeat","background-position":"center center","background-size":"auto","background-attachment":"scroll","background-type":"","background-media":"","overlay-type":"","overlay-color":"","overlay-gradient":""},"mobile":{"background-color":"","background-image":"","background-repeat":"repeat","background-position":"center center","background-size":"auto","background-attachment":"scroll","background-type":"","background-media":"","overlay-type":"","overlay-color":"","overlay-gradient":""}},"ast-content-background-meta":{"desktop":{"background-color":"var(--ast-global-color-5)","background-image":"","background-repeat":"repeat","background-position":"center center","background-size":"auto","background-attachment":"scroll","background-type":"","background-media":"","overlay-type":"","overlay-color":"","overlay-gradient":""},"tablet":{"background-color":"var(--ast-global-color-5)","background-image":"","background-repeat":"repeat","background-position":"center center","background-size":"auto","background-attachment":"scroll","background-type":"","background-media":"","overlay-type":"","overlay-color":"","overlay-gradient":""},"mobile":{"background-color":"var(--ast-global-color-5)","background-image":"","background-repeat":"repeat","background-position":"center center","background-size":"auto","background-attachment":"scroll","background-type":"","background-media":"","overlay-type":"","overlay-color":"","overlay-gradient":""}},"footnotes":""},"class_list":["post-1963","page","type-page","status-publish","hentry"],"yoast_head":"<!-- This site is optimized with the Yoast SEO plugin v24.9 - https:\/\/yoast.com\/wordpress\/plugins\/seo\/ -->\n<title>\u00d6nk\u00e9nteseknek - elektriktourist.hu<\/title>\n<meta name=\"robots\" content=\"index, follow, max-snippet:-1, max-image-preview:large, max-video-preview:-1\" \/>\n<link rel=\"canonical\" href=\"https:\/\/elektriktourist.hu\/en\/onkenteseknek\/\" \/>\n<meta property=\"og:locale\" content=\"en_US\" \/>\n<meta property=\"og:type\" content=\"article\" \/>\n<meta property=\"og:title\" content=\"\u00d6nk\u00e9nteseknek - elektriktourist.hu\" \/>\n<meta property=\"og:description\" content=\"L\u00e9gy r\u00e9sze az \u00e1lomnak! Projektjeink megval\u00f3s\u00edt\u00e1s\u00e1hoz folyamatosan v\u00e1rjuk az \u00fajabb tagokat \u00f6nk\u00e9ntes csapatunkba. Mer\u00fclj el a kertben, koszold \u00f6ssze a kezeid a h\u00e1z k\u00f6r\u00fcl, hangol\u00f3dj r\u00e1 a term\u00e9szet hull\u00e1mhossz\u00e1ra, \u00e9s \u00e9rezd j\u00f3l magad, mik\u00f6zben r\u00e9sze vagy valami hasznos \u00e9s izgalmas dolog megsz\u00fclet\u00e9s\u00e9nek! Kor\u00e1bbi \u00f6nk\u00e9nteseink \u00edrt\u00e1k: &#8222;We had an incredible two weeks in Bajot with Lazslo. [&hellip;]\" \/>\n<meta property=\"og:url\" content=\"https:\/\/elektriktourist.hu\/en\/onkenteseknek\/\" \/>\n<meta property=\"og:site_name\" content=\"elektriktourist.hu\" \/>\n<meta property=\"article:publisher\" content=\"https:\/\/www.facebook.com\/elektriktourist\" \/>\n<meta property=\"article:modified_time\" content=\"2024-12-04T19:14:10+00:00\" \/>\n<meta property=\"og:image\" content=\"http:\/\/elektriktourist.hu\/wp-content\/uploads\/2024\/05\/FB_IMG_1707833952315.jpg\" \/>\n<meta name=\"twitter:card\" content=\"summary_large_image\" \/>\n<meta name=\"twitter:label1\" content=\"Est. reading time\" \/>\n\t<meta name=\"twitter:data1\" content=\"2 minutes\" \/>\n<script type=\"application\/ld+json\" class=\"yoast-schema-graph\">{\"@context\":\"https:\/\/schema.org\",\"@graph\":[{\"@type\":\"WebPage\",\"@id\":\"http:\/\/elektriktourist.hu\/onkenteseknek\/\",\"url\":\"http:\/\/elektriktourist.hu\/onkenteseknek\/\",\"name\":\"\u00d6nk\u00e9nteseknek - elektriktourist.hu\",\"isPartOf\":{\"@id\":\"http:\/\/elektriktourist.hu\/#website\"},\"primaryImageOfPage\":{\"@id\":\"http:\/\/elektriktourist.hu\/onkenteseknek\/#primaryimage\"},\"image\":{\"@id\":\"http:\/\/elektriktourist.hu\/onkenteseknek\/#primaryimage\"},\"thumbnailUrl\":\"http:\/\/elektriktourist.hu\/wp-content\/uploads\/2024\/05\/FB_IMG_1707833952315.jpg\",\"datePublished\":\"2024-05-05T10:41:11+00:00\",\"dateModified\":\"2024-12-04T19:14:10+00:00\",\"breadcrumb\":{\"@id\":\"http:\/\/elektriktourist.hu\/onkenteseknek\/#breadcrumb\"},\"inLanguage\":\"en-US\",\"potentialAction\":[{\"@type\":\"ReadAction\",\"target\":[\"http:\/\/elektriktourist.hu\/onkenteseknek\/\"]}]},{\"@type\":\"ImageObject\",\"inLanguage\":\"en-US\",\"@id\":\"http:\/\/elektriktourist.hu\/onkenteseknek\/#primaryimage\",\"url\":\"http:\/\/elektriktourist.hu\/wp-content\/uploads\/2024\/05\/FB_IMG_1707833952315.jpg\",\"contentUrl\":\"http:\/\/elektriktourist.hu\/wp-content\/uploads\/2024\/05\/FB_IMG_1707833952315.jpg\"},{\"@type\":\"BreadcrumbList\",\"@id\":\"http:\/\/elektriktourist.hu\/onkenteseknek\/#breadcrumb\",\"itemListElement\":[{\"@type\":\"ListItem\",\"position\":1,\"name\":\"Kezd\u0151lap\",\"item\":\"http:\/\/elektriktourist.hu\/\"},{\"@type\":\"ListItem\",\"position\":2,\"name\":\"\u00d6nk\u00e9nteseknek\"}]},{\"@type\":\"WebSite\",\"@id\":\"http:\/\/elektriktourist.hu\/#website\",\"url\":\"http:\/\/elektriktourist.hu\/\",\"name\":\"elektriktourist.hu\",\"description\":\"\",\"publisher\":{\"@id\":\"http:\/\/elektriktourist.hu\/#organization\"},\"potentialAction\":[{\"@type\":\"SearchAction\",\"target\":{\"@type\":\"EntryPoint\",\"urlTemplate\":\"http:\/\/elektriktourist.hu\/?s={search_term_string}\"},\"query-input\":{\"@type\":\"PropertyValueSpecification\",\"valueRequired\":true,\"valueName\":\"search_term_string\"}}],\"inLanguage\":\"en-US\"},{\"@type\":\"Organization\",\"@id\":\"http:\/\/elektriktourist.hu\/#organization\",\"name\":\"elektriktourist.hu\",\"url\":\"http:\/\/elektriktourist.hu\/\",\"logo\":{\"@type\":\"ImageObject\",\"inLanguage\":\"en-US\",\"@id\":\"http:\/\/elektriktourist.hu\/#\/schema\/logo\/image\/\",\"url\":\"https:\/\/elektriktourist.hu\/wp-content\/uploads\/2025\/03\/Elektrik-tourist-transp.png\",\"contentUrl\":\"https:\/\/elektriktourist.hu\/wp-content\/uploads\/2025\/03\/Elektrik-tourist-transp.png\",\"width\":353,\"height\":354,\"caption\":\"elektriktourist.hu\"},\"image\":{\"@id\":\"http:\/\/elektriktourist.hu\/#\/schema\/logo\/image\/\"},\"sameAs\":[\"https:\/\/www.facebook.com\/elektriktourist\"]}]}<\/script>\n<!-- \/ Yoast SEO plugin. -->","yoast_head_json":{"title":"\u00d6nk\u00e9nteseknek - elektriktourist.hu","robots":{"index":"index","follow":"follow","max-snippet":"max-snippet:-1","max-image-preview":"max-image-preview:large","max-video-preview":"max-video-preview:-1"},"canonical":"https:\/\/elektriktourist.hu\/en\/onkenteseknek\/","og_locale":"en_US","og_type":"article","og_title":"\u00d6nk\u00e9nteseknek - elektriktourist.hu","og_description":"L\u00e9gy r\u00e9sze az \u00e1lomnak! Projektjeink megval\u00f3s\u00edt\u00e1s\u00e1hoz folyamatosan v\u00e1rjuk az \u00fajabb tagokat \u00f6nk\u00e9ntes csapatunkba. Mer\u00fclj el a kertben, koszold \u00f6ssze a kezeid a h\u00e1z k\u00f6r\u00fcl, hangol\u00f3dj r\u00e1 a term\u00e9szet hull\u00e1mhossz\u00e1ra, \u00e9s \u00e9rezd j\u00f3l magad, mik\u00f6zben r\u00e9sze vagy valami hasznos \u00e9s izgalmas dolog megsz\u00fclet\u00e9s\u00e9nek! Kor\u00e1bbi \u00f6nk\u00e9nteseink \u00edrt\u00e1k: &#8222;We had an incredible two weeks in Bajot with Lazslo. [&hellip;]","og_url":"https:\/\/elektriktourist.hu\/en\/onkenteseknek\/","og_site_name":"elektriktourist.hu","article_publisher":"https:\/\/www.facebook.com\/elektriktourist","article_modified_time":"2024-12-04T19:14:10+00:00","og_image":[{"url":"http:\/\/elektriktourist.hu\/wp-content\/uploads\/2024\/05\/FB_IMG_1707833952315.jpg","type":"","width":"","height":""}],"twitter_card":"summary_large_image","twitter_misc":{"Est. reading time":"2 minutes"},"schema":{"@context":"https:\/\/schema.org","@graph":[{"@type":"WebPage","@id":"http:\/\/elektriktourist.hu\/onkenteseknek\/","url":"http:\/\/elektriktourist.hu\/onkenteseknek\/","name":"\u00d6nk\u00e9nteseknek - elektriktourist.hu","isPartOf":{"@id":"http:\/\/elektriktourist.hu\/#website"},"primaryImageOfPage":{"@id":"http:\/\/elektriktourist.hu\/onkenteseknek\/#primaryimage"},"image":{"@id":"http:\/\/elektriktourist.hu\/onkenteseknek\/#primaryimage"},"thumbnailUrl":"http:\/\/elektriktourist.hu\/wp-content\/uploads\/2024\/05\/FB_IMG_1707833952315.jpg","datePublished":"2024-05-05T10:41:11+00:00","dateModified":"2024-12-04T19:14:10+00:00","breadcrumb":{"@id":"http:\/\/elektriktourist.hu\/onkenteseknek\/#breadcrumb"},"inLanguage":"en-US","potentialAction":[{"@type":"ReadAction","target":["http:\/\/elektriktourist.hu\/onkenteseknek\/"]}]},{"@type":"ImageObject","inLanguage":"en-US","@id":"http:\/\/elektriktourist.hu\/onkenteseknek\/#primaryimage","url":"http:\/\/elektriktourist.hu\/wp-content\/uploads\/2024\/05\/FB_IMG_1707833952315.jpg","contentUrl":"http:\/\/elektriktourist.hu\/wp-content\/uploads\/2024\/05\/FB_IMG_1707833952315.jpg"},{"@type":"BreadcrumbList","@id":"http:\/\/elektriktourist.hu\/onkenteseknek\/#breadcrumb","itemListElement":[{"@type":"ListItem","position":1,"name":"Kezd\u0151lap","item":"http:\/\/elektriktourist.hu\/"},{"@type":"ListItem","position":2,"name":"\u00d6nk\u00e9nteseknek"}]},{"@type":"WebSite","@id":"http:\/\/elektriktourist.hu\/#website","url":"http:\/\/elektriktourist.hu\/","name":"elektriktourist.hu","description":"","publisher":{"@id":"http:\/\/elektriktourist.hu\/#organization"},"potentialAction":[{"@type":"SearchAction","target":{"@type":"EntryPoint","urlTemplate":"http:\/\/elektriktourist.hu\/?s={search_term_string}"},"query-input":{"@type":"PropertyValueSpecification","valueRequired":true,"valueName":"search_term_string"}}],"inLanguage":"en-US"},{"@type":"Organization","@id":"http:\/\/elektriktourist.hu\/#organization","name":"elektriktourist.hu","url":"http:\/\/elektriktourist.hu\/","logo":{"@type":"ImageObject","inLanguage":"en-US","@id":"http:\/\/elektriktourist.hu\/#\/schema\/logo\/image\/","url":"https:\/\/elektriktourist.hu\/wp-content\/uploads\/2025\/03\/Elektrik-tourist-transp.png","contentUrl":"https:\/\/elektriktourist.hu\/wp-content\/uploads\/2025\/03\/Elektrik-tourist-transp.png","width":353,"height":354,"caption":"elektriktourist.hu"},"image":{"@id":"http:\/\/elektriktourist.hu\/#\/schema\/logo\/image\/"},"sameAs":["https:\/\/www.facebook.com\/elektriktourist"]}]}},"uagb_featured_image_src":{"full":false,"thumbnail":false,"medium":false,"medium_large":false,"large":false,"1536x1536":false,"2048x2048":false,"trp-custom-language-flag":false},"uagb_author_info":{"display_name":"Faltay L\u00e1szl\u00f3","author_link":"https:\/\/elektriktourist.hu\/en\/author\/bajotimenedek\/"},"uagb_comment_info":0,"uagb_excerpt":"L\u00e9gy r\u00e9sze az \u00e1lomnak! Projektjeink megval\u00f3s\u00edt\u00e1s\u00e1hoz folyamatosan v\u00e1rjuk az \u00fajabb tagokat \u00f6nk\u00e9ntes csapatunkba. Mer\u00fclj el a kertben, koszold \u00f6ssze a kezeid a h\u00e1z k\u00f6r\u00fcl, hangol\u00f3dj r\u00e1 a term\u00e9szet hull\u00e1mhossz\u00e1ra, \u00e9s \u00e9rezd j\u00f3l magad, mik\u00f6zben r\u00e9sze vagy valami hasznos \u00e9s izgalmas dolog megsz\u00fclet\u00e9s\u00e9nek! Kor\u00e1bbi \u00f6nk\u00e9nteseink \u00edrt\u00e1k: &#8222;We had an incredible two weeks in Bajot with Lazslo.&hellip;","_links":{"self":[{"href":"https:\/\/elektriktourist.hu\/en\/wp-json\/wp\/v2\/pages\/1963","targetHints":{"allow":["GET"]}}],"collection":[{"href":"https:\/\/elektriktourist.hu\/en\/wp-json\/wp\/v2\/pages"}],"about":[{"href":"https:\/\/elektriktourist.hu\/en\/wp-json\/wp\/v2\/types\/page"}],"author":[{"embeddable":true,"href":"https:\/\/elektriktourist.hu\/en\/wp-json\/wp\/v2\/users\/2"}],"replies":[{"embeddable":true,"href":"https:\/\/elektriktourist.hu\/en\/wp-json\/wp\/v2\/comments?post=1963"}],"version-history":[{"count":6,"href":"https:\/\/elektriktourist.hu\/en\/wp-json\/wp\/v2\/pages\/1963\/revisions"}],"predecessor-version":[{"id":2495,"href":"https:\/\/elektriktourist.hu\/en\/wp-json\/wp\/v2\/pages\/1963\/revisions\/2495"}],"wp:attachment":[{"href":"https:\/\/elektriktourist.hu\/en\/wp-json\/wp\/v2\/media?parent=1963"}],"curies":[{"name":"wp","href":"https:\/\/api.w.org\/{rel}","templated":true}]}}